{"id":55,"date":"2023-08-23T22:15:17","date_gmt":"2023-08-23T20:15:17","guid":{"rendered":"https:\/\/josedanielfotografia.es\/?page_id=55"},"modified":"2023-10-02T22:19:44","modified_gmt":"2023-10-02T20:19:44","slug":"sobre-mi","status":"publish","type":"page","link":"https:\/\/josedanielfotografia.es\/index.php\/sobre-mi\/","title":{"rendered":"Sobre m\u00ed"},"content":{"rendered":"<p>[et_pb_section fb_built=&#8221;1&#8243; admin_label=&#8221;Header&#8221; _builder_version=&#8221;4.22.1&#8243; _module_preset=&#8221;default&#8221; background_enable_color=&#8221;off&#8221; overflow-x=&#8221;hidden&#8221; overflow-y=&#8221;hidden&#8221; custom_margin=&#8221;30px|-1px|30px|-1px|true|true&#8221; custom_padding=&#8221;||0px|||&#8221; border_radii=&#8221;on|10px|10px|10px|10px&#8221; locked=&#8221;off&#8221; collapsed=&#8221;on&#8221; global_colors_info=&#8221;{}&#8221;][et_pb_row column_structure=&#8221;1_2,1_2&#8243; make_equal=&#8221;on&#8221; _builder_version=&#8221;4.22.1&#8243; _module_preset=&#8221;default&#8221; custom_padding=&#8221;0px||0px||true|false&#8221; global_colors_info=&#8221;{}&#8221;][et_pb_column type=&#8221;1_2&#8243; _builder_version=&#8221;4.22.0&#8243; _module_preset=&#8221;default&#8221; custom_padding=&#8221;6vw||6vw||true|false&#8221; global_colors_info=&#8221;{}&#8221;][et_pb_text _builder_version=&#8221;4.22.1&#8243; _module_preset=&#8221;ec21931b-311b-4739-93d1-ada4998f8461&#8243; header_font=&#8221;Oswald|700|||||||&#8221; header_font_size=&#8221;60px&#8221; custom_margin=&#8221;||0px|||&#8221; hover_enabled=&#8221;0&#8243; header_font_size_phone=&#8221;40px&#8221; global_colors_info=&#8221;{}&#8221; sticky_enabled=&#8221;0&#8243;]<\/p>\n<h1>Sobre m\u00ed<\/h1>\n<p>[\/et_pb_text][et_pb_divider divider_style=&#8221;outset&#8221; divider_weight=&#8221;4px&#8221; color_tablet=&#8221;&#8221; color_phone=&#8221;&#8221; color_last_edited=&#8221;on|desktop&#8221; _builder_version=&#8221;4.22.1&#8243; _module_preset=&#8221;default&#8221; max_width=&#8221;40%&#8221; animation_style=&#8221;slide&#8221; animation_direction=&#8221;left&#8221; global_colors_info=&#8221;{}&#8221;][\/et_pb_divider][et_pb_text _builder_version=&#8221;4.22.1&#8243; _module_preset=&#8221;0a4dfab2-df6d-4bf5-984b-654a9b921cc0&#8243; text_font=&#8221;Oswald|300|||||||&#8221; text_text_color=&#8221;#000000&#8243; text_font_size=&#8221;22px&#8221; text_font_size_phone=&#8221;18px&#8221; global_colors_info=&#8221;{}&#8221;]<\/p>\n<p>Hola, soy Jose Daniel y voy hacer que mis fotograf\u00edas sean un recuerdo para toda vuestra vida.<\/p>\n<p>Como ya he dicho en mi presentaci\u00f3n soy un fot\u00f3grafo con base en Almer\u00eda.<br \/>Pero, \u00bfComo he llegado a ser fot\u00f3grafo? Mi obsesi\u00f3n por la fotograf\u00eda o como digo yo, por coleccionar recuerdo que sean eternos. Me viene desde muy peque\u00f1o, por eso para m\u00ed la fotograf\u00eda cobra m\u00e1s sentido que solo un simple trabajo.<\/p>\n<p>Es un parte mas de mi persona, algo que acompa\u00f1a en mi d\u00eda a d\u00eda y que me hace ser como soy. Y justo eso es lo que quiero transmitir con mi fotograf\u00eda, ser yo mismo y que vosotros lo se\u00e1is igual y ah\u00ed es donde recae la magia de todo.<\/p>\n<p>Por eso har\u00e9 que unos de los d\u00edas mas especiales de vuestras vidas, se quede en un recuerdo que jam\u00e1s olvidar\u00e9is. Y que junto a esas<br \/>fotograf\u00edas tambi\u00e9n os qued\u00e9is con el recuerdo de quien soy.<\/p>\n<p>&nbsp;<\/p>\n<p>[\/et_pb_text][\/et_pb_column][et_pb_column type=&#8221;1_2&#8243; _builder_version=&#8221;4.22.1&#8243; _module_preset=&#8221;default&#8221; border_radii_tablet=&#8221;off|10px|10px||&#8221; border_radii_phone=&#8221;on|0px|0px|0px|0px&#8221; border_radii_last_edited=&#8221;on|tablet&#8221; global_colors_info=&#8221;{}&#8221;][et_pb_image src=&#8221;https:\/\/josedanielfotografia.es\/wp-content\/uploads\/2023\/09\/career-coach-15.png&#8221; title_text=&#8221;career-coach-15&#8243; _builder_version=&#8221;4.22.0&#8243; _module_preset=&#8221;default&#8221; positioning=&#8221;absolute&#8221; position_origin_a=&#8221;top_right&#8221; width=&#8221;50%&#8221; custom_margin=&#8221;|-10vw|||false|false&#8221; custom_margin_tablet=&#8221;|0vw|||false|false&#8221; custom_margin_phone=&#8221;|0vw|||false|false&#8221; custom_margin_last_edited=&#8221;on|tablet&#8221; global_colors_info=&#8221;{}&#8221;][\/et_pb_image][et_pb_image src=&#8221;https:\/\/josedanielfotografia.es\/wp-content\/uploads\/2023\/08\/Jose-Daniel-scaled.jpg&#8221; title_text=&#8221;Jose Daniel&#8221; _builder_version=&#8221;4.22.1&#8243; _module_preset=&#8221;default&#8221; custom_margin=&#8221;|-10vw|||false|false&#8221; global_colors_info=&#8221;{}&#8221;][\/et_pb_image][\/et_pb_column][\/et_pb_row][\/et_pb_section][et_pb_section fb_built=&#8221;1&#8243; admin_label=&#8221;Call to Action&#8221; _builder_version=&#8221;4.22.0&#8243; _module_preset=&#8221;default&#8221; background_color=&#8221;gcid-fc7b31e8-94d8-4560-b647-c33fa43cc805&#8243; width_tablet=&#8221;80%&#8221; width_phone=&#8221;80%&#8221; width_last_edited=&#8221;on|tablet&#8221; custom_margin=&#8221;30px|-3px|30px|-3px|true|true&#8221; module_alignment_tablet=&#8221;center&#8221; module_alignment_phone=&#8221;center&#8221; module_alignment_last_edited=&#8221;on|desktop&#8221; border_radii=&#8221;on|10px|10px|10px|10px&#8221; locked=&#8221;off&#8221; collapsed=&#8221;on&#8221; global_colors_info=&#8221;{%22gcid-fc7b31e8-94d8-4560-b647-c33fa43cc805%22:%91%22background_color%22%93}&#8221;][et_pb_row column_structure=&#8221;1_2,1_2&#8243; _builder_version=&#8221;4.22.0&#8243; _module_preset=&#8221;default&#8221; global_colors_info=&#8221;{}&#8221;][et_pb_column type=&#8221;1_2&#8243; _builder_version=&#8221;4.22.0&#8243; _module_preset=&#8221;default&#8221; global_colors_info=&#8221;{}&#8221;][et_pb_image src=&#8221;https:\/\/josedanielfotografia.es\/wp-content\/uploads\/2023\/10\/Jose-Daniel-Fotografo-scaled.jpg&#8221; title_text=&#8221;Jose Daniel Fotografo&#8221; _builder_version=&#8221;4.22.1&#8243; _module_preset=&#8221;default&#8221; hover_enabled=&#8221;0&#8243; global_colors_info=&#8221;{}&#8221; sticky_enabled=&#8221;0&#8243;][\/et_pb_image][\/et_pb_column][et_pb_column type=&#8221;1_2&#8243; _builder_version=&#8221;4.22.0&#8243; _module_preset=&#8221;default&#8221; global_colors_info=&#8221;{}&#8221;][et_pb_text _builder_version=&#8221;4.22.1&#8243; _module_preset=&#8221;ec21931b-311b-4739-93d1-ada4998f8461&#8243; header_font=&#8221;Oswald|700|||||||&#8221; header_font_size=&#8221;60px&#8221; custom_margin=&#8221;||0px|||&#8221; hover_enabled=&#8221;0&#8243; header_font_size_phone=&#8221;40px&#8221; global_colors_info=&#8221;{}&#8221; sticky_enabled=&#8221;0&#8243;]<\/p>\n<h1>Agradecimiento<\/h1>\n<p>[\/et_pb_text][et_pb_divider divider_style=&#8221;outset&#8221; divider_weight=&#8221;4px&#8221; color_tablet=&#8221;&#8221; color_phone=&#8221;&#8221; color_last_edited=&#8221;on|desktop&#8221; _builder_version=&#8221;4.22.1&#8243; _module_preset=&#8221;default&#8221; max_width=&#8221;40%&#8221; animation_style=&#8221;slide&#8221; animation_direction=&#8221;left&#8221; global_colors_info=&#8221;{}&#8221;][\/et_pb_divider][et_pb_text _builder_version=&#8221;4.22.1&#8243; _module_preset=&#8221;0a4dfab2-df6d-4bf5-984b-654a9b921cc0&#8243; text_font=&#8221;Oswald|300|||||||&#8221; text_text_color=&#8221;#000000&#8243; text_font_size=&#8221;22px&#8221; text_font_size_phone=&#8221;18px&#8221; global_colors_info=&#8221;{}&#8221;]<\/p>\n<p>Quiero dar las gracias a esa persona que este donde este me empujo a dedicarme a la fotograf\u00eda, un hobby que amaba, disfrutaba y me gustaba desde bien peque\u00f1o, se convirtiera en mi trabajo. Y no solo eso, adem\u00e1s de tener el placer de conocer a muchas parejas fant\u00e1sticas, que poco a poco me hacen sentir como un amigo para ellos.<\/p>\n<p>Espero que con esta breves palabras os hay\u00e1is acercado un poco m\u00e1s en saber como soy.<\/p>\n<p>Si hab\u00e9is llegado hasta aqu\u00ed os quiero dar las gracias. Y simplemente deciros,\u00a0 ANIMAROS Y ESCRIBIRME, PORQUE VOY HACER DE UN D\u00cdA ESPECIAL EN VUESTRAS VIDAS UN RECUERDO ETERNO.<\/p>\n<p>[\/et_pb_text][\/et_pb_column][\/et_pb_row][\/et_pb_section]<\/p>\n","protected":false},"excerpt":{"rendered":"<p>Sobre m\u00edHola, soy Jose Daniel y voy hacer que mis fotograf\u00edas sean un recuerdo para toda vuestra vida. Como ya he dicho en mi presentaci\u00f3n soy un fot\u00f3grafo con base en Almer\u00eda.Pero, \u00bfComo he llegado a ser fot\u00f3grafo? Mi obsesi\u00f3n por la fotograf\u00eda o como digo yo, por coleccionar recuerdo que sean eternos. Me viene [&hellip;]<\/p>\n","protected":false},"author":1,"featured_media":0,"parent":0,"menu_order":0,"comment_status":"closed","ping_status":"closed","template":"","meta":{"_et_pb_use_builder":"on","_et_pb_old_content":"","_et_gb_content_width":"","narrative_post_script":"","footnotes":""},"class_list":["post-55","page","type-page","status-publish","hentry"],"_links":{"self":[{"href":"https:\/\/josedanielfotografia.es\/index.php\/wp-json\/wp\/v2\/pages\/55","targetHints":{"allow":["GET"]}}],"collection":[{"href":"https:\/\/josedanielfotografia.es\/index.php\/wp-json\/wp\/v2\/pages"}],"about":[{"href":"https:\/\/josedanielfotografia.es\/index.php\/wp-json\/wp\/v2\/types\/page"}],"author":[{"embeddable":true,"href":"https:\/\/josedanielfotografia.es\/index.php\/wp-json\/wp\/v2\/users\/1"}],"replies":[{"embeddable":true,"href":"https:\/\/josedanielfotografia.es\/index.php\/wp-json\/wp\/v2\/comments?post=55"}],"version-history":[{"count":9,"href":"https:\/\/josedanielfotografia.es\/index.php\/wp-json\/wp\/v2\/pages\/55\/revisions"}],"predecessor-version":[{"id":673,"href":"https:\/\/josedanielfotografia.es\/index.php\/wp-json\/wp\/v2\/pages\/55\/revisions\/673"}],"wp:attachment":[{"href":"https:\/\/josedanielfotografia.es\/index.php\/wp-json\/wp\/v2\/media?parent=55"}],"curies":[{"name":"wp","href":"https:\/\/api.w.org\/{rel}","templated":true}]}}